{"id":8576,"date":"2024-05-02T10:06:54","date_gmt":"2024-05-02T13:06:54","guid":{"rendered":"https:\/\/news.daviarantes.com\/?page_id=8576"},"modified":"2025-08-19T21:29:34","modified_gmt":"2025-08-20T00:29:34","slug":"enviar-relatorio","status":"publish","type":"page","link":"https:\/\/news.daviarantes.com\/?page_id=8576","title":{"rendered":"ENVIAR ARQUIVO"},"content":{"rendered":"\t\t<div data-elementor-type=\"wp-page\" data-elementor-id=\"8576\" class=\"elementor elementor-8576\" data-elementor-post-type=\"page\">\n\t\t\t\t<div class=\"elementor-element elementor-element-1760e4fd e-con-full e-flex e-con e-parent\" data-id=\"1760e4fd\" data-element_type=\"container\">\n\t\t\t\t<div class=\"elementor-element elementor-element-6fc5d08 elementor-widget elementor-widget-heading\" data-id=\"6fc5d08\" data-element_type=\"widget\" data-widget_type=\"heading.default\">\n\t\t\t\t<div class=\"elementor-widget-container\">\n\t\t\t<style>\/*! elementor - v3.23.0 - 05-08-2024 *\/\n.elementor-heading-title{padding:0;margin:0;line-height:1}.elementor-widget-heading .elementor-heading-title[class*=elementor-size-]>a{color:inherit;font-size:inherit;line-height:inherit}.elementor-widget-heading .elementor-heading-title.elementor-size-small{font-size:15px}.elementor-widget-heading .elementor-heading-title.elementor-size-medium{font-size:19px}.elementor-widget-heading .elementor-heading-title.elementor-size-large{font-size:29px}.elementor-widget-heading .elementor-heading-title.elementor-size-xl{font-size:39px}.elementor-widget-heading .elementor-heading-title.elementor-size-xxl{font-size:59px}<\/style><h2 class=\"elementor-heading-title elementor-size-default\">ENVIAR ARQUIVO <\/h2>\t\t<\/div>\n\t\t\t\t<\/div>\n\t\t\t\t<\/div>\n\t\t<div class=\"elementor-element elementor-element-1500837 e-con-full e-flex e-con e-parent\" data-id=\"1500837\" data-element_type=\"container\">\n\t\t\t\t<div class=\"elementor-element elementor-element-1848ac9 elementor-widget elementor-widget-spacer\" data-id=\"1848ac9\" data-element_type=\"widget\" data-widget_type=\"spacer.default\">\n\t\t\t\t<div class=\"elementor-widget-container\">\n\t\t\t<style>\/*! elementor - v3.23.0 - 05-08-2024 *\/\n.elementor-column .elementor-spacer-inner{height:var(--spacer-size)}.e-con{--container-widget-width:100%}.e-con-inner>.elementor-widget-spacer,.e-con>.elementor-widget-spacer{width:var(--container-widget-width,var(--spacer-size));--align-self:var(--container-widget-align-self,initial);--flex-shrink:0}.e-con-inner>.elementor-widget-spacer>.elementor-widget-container,.e-con>.elementor-widget-spacer>.elementor-widget-container{height:100%;width:100%}.e-con-inner>.elementor-widget-spacer>.elementor-widget-container>.elementor-spacer,.e-con>.elementor-widget-spacer>.elementor-widget-container>.elementor-spacer{height:100%}.e-con-inner>.elementor-widget-spacer>.elementor-widget-container>.elementor-spacer>.elementor-spacer-inner,.e-con>.elementor-widget-spacer>.elementor-widget-container>.elementor-spacer>.elementor-spacer-inner{height:var(--container-widget-height,var(--spacer-size))}.e-con-inner>.elementor-widget-spacer.elementor-widget-empty,.e-con>.elementor-widget-spacer.elementor-widget-empty{position:relative;min-height:22px;min-width:22px}.e-con-inner>.elementor-widget-spacer.elementor-widget-empty .elementor-widget-empty-icon,.e-con>.elementor-widget-spacer.elementor-widget-empty .elementor-widget-empty-icon{position:absolute;top:0;bottom:0;left:0;right:0;margin:auto;padding:0;width:22px;height:22px}<\/style>\t\t<div class=\"elementor-spacer\">\n\t\t\t<div class=\"elementor-spacer-inner\"><\/div>\n\t\t<\/div>\n\t\t\t\t<\/div>\n\t\t\t\t<\/div>\n\t\t\t\t<div class=\"elementor-element elementor-element-4095a71 elementor-widget elementor-widget-formidable\" data-id=\"4095a71\" data-element_type=\"widget\" data-widget_type=\"formidable.default\">\n\t\t\t\t<div class=\"elementor-widget-container\">\n\t\t\t<div class=\"frm_forms  with_frm_style frm_style_forms\" id=\"frm_form_90_container\" data-token=\"2e38d9cad214e29240ba5a31424db3ca\">\n<form enctype=\"multipart\/form-data\" method=\"post\" class=\"frm-show-form  frm_pro_form \" id=\"form_xlvz0\" data-token=\"2e38d9cad214e29240ba5a31424db3ca\">\n<div class=\"frm_form_fields \">\n<fieldset>\n<legend class=\"frm_screen_reader\">Enviar Relat\u00f3rio<\/legend>\r\n\r\n<div class=\"frm_fields_container\">\n<input type=\"hidden\" name=\"frm_action\" value=\"create\" \/>\n<input type=\"hidden\" name=\"form_id\" value=\"90\" \/>\n<input type=\"hidden\" name=\"frm_hide_fields_90\" id=\"frm_hide_fields_90\" value=\"\" \/>\n<input type=\"hidden\" name=\"form_key\" value=\"xlvz0\" \/>\n<input type=\"hidden\" name=\"item_meta[0]\" value=\"\" \/>\n<input type=\"hidden\" id=\"frm_submit_entry_90\" name=\"frm_submit_entry_90\" value=\"c73b245f75\" \/><input type=\"hidden\" name=\"_wp_http_referer\" value=\"\/index.php?rest_route=%2Fwp%2Fv2%2Fpages%2F8576\" \/><div id=\"frm_field_2844_container\" class=\"frm_form_field form-field  frm_required_field frm_top_container frm_dynamic_select_container\">\r\n\t<label for=\"field_8f7x7\" id=\"field_8f7x7_label\" class=\"frm_primary_label\">Secretaria\r\n\t\t<span class=\"frm_required\" aria-hidden=\"true\">*<\/span>\r\n\t<\/label>\r\n\t<div class=\"frm_data_container\" aria-labelledby=\"field_8f7x7_label\" role=\"group\"><select name=\"item_meta[2844]\" id=\"field_8f7x7\"  data-reqmsg=\"Preenchimento obrigat\u00f3rio.\" aria-required=\"true\" data-invmsg=\"Secretaria \u00e9 inv\u00e1lido\" aria-invalid=\"false\"  >\n<option  value=\"\"> <\/option><option  value=\"5994\">Administra\u00e7\u00e3o e RH<\/option><option  value=\"6001\">Assist\u00eancia Social e Trabalho<\/option><option  value=\"5995\">Cultura, Esportes e Turismo<\/option><option  value=\"5996\">Educa\u00e7\u00e3o<\/option><option  value=\"6002\">Fazenda e Planejamento<\/option><option  value=\"5999\">Gabinete do Prefeito<\/option><option  value=\"5997\">Meio Ambiente<\/option><option  value=\"5998\">Obras<\/option><option  value=\"6000\">Sa\u00fade<\/option><\/select>\n<\/div>\r\n\t\r\n\t\r\n<\/div>\n<div id=\"frm_field_2845_container\" class=\"frm_form_field form-field  frm_required_field frm_top_container\">\r\n\t<label for=\"field_xmrhc\" id=\"field_xmrhc_label\" class=\"frm_primary_label\">Refer\u00eancia\r\n\t\t<span class=\"frm_required\" aria-hidden=\"true\">*<\/span>\r\n\t<\/label>\r\n\t\t\t<select name=\"item_meta[2845]\" id=\"field_xmrhc\"  data-reqmsg=\"Preenchimento obrigat\u00f3rio.\" aria-required=\"true\" data-invmsg=\"Refer\u00eancia \u00e9 inv\u00e1lido\" aria-invalid=\"false\"  >\n\t\t<option  value=\"\" selected='selected'> <\/option><option  value=\"Junho de 2025\">Junho de 2025<\/option><option  value=\"Julho de 2025\">Julho de 2025<\/option><option  value=\"Agosto de 2025\">Agosto de 2025<\/option><option  value=\"Setembro de 2025\">Setembro de 2025<\/option><option  value=\"Outubro de 2025\">Outubro de 2025<\/option><option  value=\"Novembro de 2025\">Novembro de 2025<\/option><option  value=\"Dezembro de 2025\">Dezembro de 2025<\/option>\t<\/select>\n\t\r\n\t\r\n\t\r\n<\/div>\n<div id=\"frm_field_2839_container\" class=\"frm_form_field form-field  frm_required_field frm_top_container\">\r\n\t<label for=\"field_3hq9l\" id=\"field_3hq9l_label\" class=\"frm_primary_label\">Arquivo do Relat\u00f3rio\r\n\t\t<span class=\"frm_required\" aria-hidden=\"true\">*<\/span>\r\n\t<\/label>\r\n\t<input type=\"hidden\"  data-reqmsg=\"Preenchimento obrigat\u00f3rio.\" data-invmsg=\"Arquivo do Relat\u00f3rio \u00e9 inv\u00e1lido\" aria-invalid=\"false\"   name=\"item_meta[2839][]\"  data-reqmsg=\"Preenchimento obrigat\u00f3rio.\"  value=\"\" data-frmfile=\"2839\" \/>\n\n<div class=\"frm_dropzone frm_multi_upload frm_clearfix\" id=\"file2839_dropzone\" role=\"group\" >\n\t<div class=\"fallback\">\n\t\t<input type=\"file\" name=\"file2839[]\" id=\"field_3hq9l\"\n\t\t\t data-frmfile=\"2839\" multiple=\"multiple\"  data-reqmsg=\"Preenchimento obrigat\u00f3rio.\" data-invmsg=\"Arquivo do Relat\u00f3rio \u00e9 inv\u00e1lido\" aria-invalid=\"false\"  \t\t\t\/>\n\t\t\t\t<div class=\"frm_clearfix \"><\/div>\n\t<\/div>\n\t<div class=\"dz-message needsclick\">\n\t\t\t\t<svg  viewBox=\"0 0 18 18\" class=\"frmsvg frm-svg-icon\">\n\t<path viewBox=\"0 0 18 18\" fill-rule=\"evenodd\" clip-rule=\"evenodd\" d=\"M8.2 4v8a.8.8 0 001.5 0V4l2.1 2.2A.7.7 0 1013 5L9.5 1.7a.7.7 0 00-1.1 0L5.1 5.2a.8.8 0 001 1l2.1-2zm7.6 4.3c.4 0 .7.3.7.7v6.8c0 .4-.3.7-.8.7H2.3a.8.8 0 01-.8-.8V9A.8.8 0 013 9v6h12V9c0-.4.3-.8.8-.8z\"><\/path>\n<\/svg>\t\t<span class=\"frm_upload_text\"><button type=\"button\" aria-label=\"Arquivo do Relat\u00f3rio. Arraste o arquivo aqui ou clique para carregar. Tamanho m\u00e1ximo do arquivo: 516MB\">Arraste o arquivo aqui ou clique para carregar<\/button><\/span>\n\t\t<span class=\"frm_compact_text\"><button type=\"button\" aria-label=\"Arquivo do Relat\u00f3rio. Escolher arquivo. Tamanho m\u00e1ximo do arquivo: 516MB\">Escolher arquivo<\/button><\/span>\n\t\t<div class=\"frm_small_text\">\n\t\t\t<p>Tamanho m\u00e1ximo do arquivo: 516MB<\/p>\n\t\t<\/div>\n\t<\/div>\n<\/div>\n\t\r\n\t\r\n\t\r\n<\/div>\n<div id=\"frm_field_2840_container\" class=\"frm_form_field form-field  frm_top_container\">\r\n\t<label for=\"field_ajgsm\" id=\"field_ajgsm_label\" class=\"frm_primary_label\">Mais informa\u00e7\u00f5es\r\n\t\t<span class=\"frm_required\" aria-hidden=\"true\"><\/span>\r\n\t<\/label>\r\n\t<textarea name=\"item_meta[2840]\" id=\"field_ajgsm\" rows=\"5\"  data-invmsg=\"Mais informa\u00e7\u00f5es \u00e9 inv\u00e1lido\" aria-invalid=\"false\"  ><\/textarea>\r\n\t\r\n\t\r\n<\/div>\n<input type=\"hidden\" name=\"item_meta[2843]\" id=\"field_hjux7\" value=\"1\"  data-frmval=\"1\"   \/>\n<div id=\"frm_field_2837_container\" class=\"frm_form_field form-field \">\r\n\t<div class=\"frm_submit frm_flex\">\r\n<button class=\"frm_button_submit frm_final_submit\" type=\"submit\"  >Enviar<\/button>\r\n\r\n\r\n\r\n<\/div>\r\n<\/div>\n<input type=\"hidden\" name=\"item_meta[2855]\" id=\"field_hszuh\" value=\"\" data-frmval=\"\"\/>\n\t<input type=\"hidden\" name=\"item_key\" value=\"\" \/>\n\t\t\t<div id=\"frm_field_2925_container\">\n\t\t\t<label for=\"field_y5iol\" >\n\t\t\t\tSe voc\u00ea \u00e9 humano, deixe este campo em branco.\t\t\t<\/label>\n\t\t\t<input  id=\"field_y5iol\" type=\"text\" class=\"frm_form_field form-field frm_verify\" name=\"item_meta[2925]\" value=\"\"  \/>\n\t\t<\/div>\n\t\t<input name=\"frm_state\" type=\"hidden\" value=\"38JQaGzg9wkEhGvyXp0IQ70c4zQ+nmmkzsGuatw0PlEN9RSY1L9ldv+chSgCRhJ4\" \/><\/div>\n<\/fieldset>\n<\/div>\n\n<\/form>\n<\/div>\n\t\t<\/div>\n\t\t\t\t<\/div>\n\t\t\t\t<\/div>\n\t\t\t\t<\/div>\n\t\t","protected":false},"excerpt":{"rendered":"<p>ENVIAR ARQUIVO Enviar Relat\u00f3rio Secretaria * Gabinete do PrefeitoSecretaria da Educa\u00e7\u00e3oSecretaria da Fazenda e PlanejamentoSecretaria da Sa\u00fadeSecretaria de Administra\u00e7\u00e3o e RHSecretaria de Assist\u00eancia Social e TrabalhoSecretaria de Cultura, dos Esportes e TurismoSecretaria de ObrasSecretaria Meio Ambiente Refer\u00eancia * Junho de 2025Julho de 2025Agosto de 2025Setembro de 2025Outubro de 2025Novembro de 2025Dezembro de 2025 Arquivo do [&hellip;]<\/p>\n","protected":false},"author":10,"featured_media":0,"parent":0,"menu_order":0,"comment_status":"closed","ping_status":"closed","template":"","meta":{"footnotes":""},"class_list":["post-8576","page","type-page","status-publish","hentry"],"_links":{"self":[{"href":"https:\/\/news.daviarantes.com\/index.php?rest_route=\/wp\/v2\/pages\/8576","targetHints":{"allow":["GET"]}}],"collection":[{"href":"https:\/\/news.daviarantes.com\/index.php?rest_route=\/wp\/v2\/pages"}],"about":[{"href":"https:\/\/news.daviarantes.com\/index.php?rest_route=\/wp\/v2\/types\/page"}],"author":[{"embeddable":true,"href":"https:\/\/news.daviarantes.com\/index.php?rest_route=\/wp\/v2\/users\/10"}],"replies":[{"embeddable":true,"href":"https:\/\/news.daviarantes.com\/index.php?rest_route=%2Fwp%2Fv2%2Fcomments&post=8576"}],"version-history":[{"count":159,"href":"https:\/\/news.daviarantes.com\/index.php?rest_route=\/wp\/v2\/pages\/8576\/revisions"}],"predecessor-version":[{"id":17397,"href":"https:\/\/news.daviarantes.com\/index.php?rest_route=\/wp\/v2\/pages\/8576\/revisions\/17397"}],"wp:attachment":[{"href":"https:\/\/news.daviarantes.com\/index.php?rest_route=%2Fwp%2Fv2%2Fmedia&parent=8576"}],"curies":[{"name":"wp","href":"https:\/\/api.w.org\/{rel}","templated":true}]}}