{"id":53,"date":"2024-01-19T02:03:20","date_gmt":"2024-01-19T05:03:20","guid":{"rendered":"https:\/\/news.daviarantes.com\/?page_id=53"},"modified":"2025-08-14T14:34:00","modified_gmt":"2025-08-14T17:34:00","slug":"noticia","status":"publish","type":"page","link":"https:\/\/news.daviarantes.com\/","title":{"rendered":"ENVIAR NOT\u00cdCIA"},"content":{"rendered":"\t\t<div data-elementor-type=\"wp-page\" data-elementor-id=\"53\" class=\"elementor elementor-53\" data-elementor-post-type=\"page\">\n\t\t\t\t<div class=\"elementor-element elementor-element-33726257 e-con-full e-flex e-con e-parent\" data-id=\"33726257\" data-element_type=\"container\">\n\t\t\t\t<div class=\"elementor-element elementor-element-7f37250 elementor-widget elementor-widget-heading\" data-id=\"7f37250\" data-element_type=\"widget\" data-widget_type=\"heading.default\">\n\t\t\t\t<div class=\"elementor-widget-container\">\n\t\t\t<style>\/*! elementor - v3.23.0 - 05-08-2024 *\/\n.elementor-heading-title{padding:0;margin:0;line-height:1}.elementor-widget-heading .elementor-heading-title[class*=elementor-size-]>a{color:inherit;font-size:inherit;line-height:inherit}.elementor-widget-heading .elementor-heading-title.elementor-size-small{font-size:15px}.elementor-widget-heading .elementor-heading-title.elementor-size-medium{font-size:19px}.elementor-widget-heading .elementor-heading-title.elementor-size-large{font-size:29px}.elementor-widget-heading .elementor-heading-title.elementor-size-xl{font-size:39px}.elementor-widget-heading .elementor-heading-title.elementor-size-xxl{font-size:59px}<\/style><h2 class=\"elementor-heading-title elementor-size-default\">ENVIAR NOT\u00cdCIA<\/h2>\t\t<\/div>\n\t\t\t\t<\/div>\n\t\t\t\t<div class=\"elementor-element elementor-element-c2fd1e0 elementor-widget elementor-widget-spacer\" data-id=\"c2fd1e0\" data-element_type=\"widget\" data-widget_type=\"spacer.default\">\n\t\t\t\t<div class=\"elementor-widget-container\">\n\t\t\t<style>\/*! elementor - v3.23.0 - 05-08-2024 *\/\n.elementor-column .elementor-spacer-inner{height:var(--spacer-size)}.e-con{--container-widget-width:100%}.e-con-inner>.elementor-widget-spacer,.e-con>.elementor-widget-spacer{width:var(--container-widget-width,var(--spacer-size));--align-self:var(--container-widget-align-self,initial);--flex-shrink:0}.e-con-inner>.elementor-widget-spacer>.elementor-widget-container,.e-con>.elementor-widget-spacer>.elementor-widget-container{height:100%;width:100%}.e-con-inner>.elementor-widget-spacer>.elementor-widget-container>.elementor-spacer,.e-con>.elementor-widget-spacer>.elementor-widget-container>.elementor-spacer{height:100%}.e-con-inner>.elementor-widget-spacer>.elementor-widget-container>.elementor-spacer>.elementor-spacer-inner,.e-con>.elementor-widget-spacer>.elementor-widget-container>.elementor-spacer>.elementor-spacer-inner{height:var(--container-widget-height,var(--spacer-size))}.e-con-inner>.elementor-widget-spacer.elementor-widget-empty,.e-con>.elementor-widget-spacer.elementor-widget-empty{position:relative;min-height:22px;min-width:22px}.e-con-inner>.elementor-widget-spacer.elementor-widget-empty .elementor-widget-empty-icon,.e-con>.elementor-widget-spacer.elementor-widget-empty .elementor-widget-empty-icon{position:absolute;top:0;bottom:0;left:0;right:0;margin:auto;padding:0;width:22px;height:22px}<\/style>\t\t<div class=\"elementor-spacer\">\n\t\t\t<div class=\"elementor-spacer-inner\"><\/div>\n\t\t<\/div>\n\t\t\t\t<\/div>\n\t\t\t\t<\/div>\n\t\t\t\t<div class=\"elementor-element elementor-element-ec90ebb elementor-widget elementor-widget-shortcode\" data-id=\"ec90ebb\" data-element_type=\"widget\" data-widget_type=\"shortcode.default\">\n\t\t\t\t<div class=\"elementor-widget-container\">\n\t\t\t\t\t<div class=\"elementor-shortcode\"><div class=\"frm_forms  with_frm_style frm_style_forms\" id=\"frm_form_87_container\" data-token=\"2e38d9cad214e29240ba5a31424db3ca\">\n<form enctype=\"multipart\/form-data\" method=\"post\" class=\"frm-show-form  frm_js_validate  frm_pro_form \" id=\"form_enviar-noticia\" data-token=\"2e38d9cad214e29240ba5a31424db3ca\">\n<div class=\"frm_form_fields  frm_page_num_1\">\n<fieldset>\n<legend class=\"frm_screen_reader\">Enviar Not\u00edcia<\/legend>\r\n\r\n<div class=\"frm_fields_container\">\n<div class=\"frm_rootline_group\" role=\"group\" tabindex=\"0\" aria-label=\"P\u00e1gina 1 de 3\" ><ul class=\"frm_page_bar frm_rootline_3 frm_progress frm_progress_line  frm_show_lines \"><li class=\"frm_rootline_single frm_current_page\"><input type=\"button\" value=\"1\" data-page=\"\" class=\" frm_page_1\" aria-disabled=\"true\" data-field=\"0\" aria-label=\"P\u00e1gina 1\"  \/><\/li><li class=\"frm_rootline_single\"><input type=\"button\" value=\"2\" data-page=\"19\" class=\"frm_page_skip frm_page_2\" data-field=\"2853\" aria-label=\"Proximo\"  \/><\/li><li class=\"frm_rootline_single\"><input type=\"button\" value=\"3\" data-page=\"39\" class=\"frm_page_skip frm_page_3\" data-field=\"2851\" aria-label=\"Proximo\"  \/><\/li><\/ul><div class=\"frm_percent_complete\">0% Completo<\/div><div class=\"frm_pages_complete\">1 de 3<\/div><div class=\"frm_clearfix\"><\/div><\/div><input type=\"hidden\" name=\"frm_action\" value=\"create\" \/>\n<input type=\"hidden\" name=\"form_id\" value=\"87\" \/>\n<input type=\"hidden\" name=\"frm_hide_fields_87\" id=\"frm_hide_fields_87\" value=\"\" \/>\n<input type=\"hidden\" name=\"form_key\" value=\"enviar-noticia\" \/>\n<input type=\"hidden\" name=\"item_meta[0]\" value=\"\" \/>\n<input type=\"hidden\" id=\"frm_submit_entry_87\" name=\"frm_submit_entry_87\" value=\"c73b245f75\" \/><input type=\"hidden\" name=\"_wp_http_referer\" value=\"\/index.php?rest_route=%2Fwp%2Fv2%2Fpages%2F53\" \/><div id=\"frm_field_2827_container\" class=\"frm_form_field form-field  frm_required_field frm_top_container\">\r\n\t<label for=\"field_wrcxs\" id=\"field_wrcxs_label\" class=\"frm_primary_label\">Secretaria\r\n\t\t<span class=\"frm_required\" aria-hidden=\"true\">*<\/span>\r\n\t<\/label>\r\n\t\t\t<select  name=\"item_meta[2827]\" id=\"field_wrcxs\"  data-reqmsg=\"Preenchimento obrigat\u00f3rio.\" aria-required=\"true\" data-invmsg=\"Secretaria \u00e9 inv\u00e1lido\" aria-invalid=\"false\"  >\n\t\t\t\t\t\t\t<option  value=\"\" class=\"frm-select-placeholder\">\n\t\t\t\t\t \t\t\t\t<\/option>\n\t\t\t\t\t\t\t\t<option  value=\"Administra\u00e7\u00e3o e RH\">\n\t\t\t\t\tAdministra\u00e7\u00e3o e RH\t\t\t\t<\/option>\n\t\t\t\t\t\t\t\t<option  value=\"Assist\u00eancia Social e Trabalho\">\n\t\t\t\t\tAssist\u00eancia Social e Trabalho\t\t\t\t<\/option>\n\t\t\t\t\t\t\t\t<option  value=\"Cultura, Esportes e Turismo\">\n\t\t\t\t\tCultura, Esportes e Turismo\t\t\t\t<\/option>\n\t\t\t\t\t\t\t\t<option  value=\"Educa\u00e7\u00e3o\">\n\t\t\t\t\tEduca\u00e7\u00e3o\t\t\t\t<\/option>\n\t\t\t\t\t\t\t\t<option  value=\"Fazenda e Planejamento\">\n\t\t\t\t\tFazenda e Planejamento\t\t\t\t<\/option>\n\t\t\t\t\t\t\t\t<option  value=\"Gabinete do Prefeito\">\n\t\t\t\t\tGabinete do Prefeito\t\t\t\t<\/option>\n\t\t\t\t\t\t\t\t<option  value=\"Meio Ambiente\">\n\t\t\t\t\tMeio Ambiente\t\t\t\t<\/option>\n\t\t\t\t\t\t\t\t<option  value=\"Obras\">\n\t\t\t\t\tObras\t\t\t\t<\/option>\n\t\t\t\t\t\t\t\t<option  value=\"Sa\u00fade\">\n\t\t\t\t\tSa\u00fade\t\t\t\t<\/option>\n\t\t\t\t\t\t<\/select>\n\t\t\r\n\t\r\n\t\r\n<\/div>\n<div id=\"frm_field_2802_container\" class=\"frm_form_field form-field  frm_required_field frm_top_container frm6 frm_first\">\r\n\t<label for=\"field_9lkp1\" id=\"field_9lkp1_label\" class=\"frm_primary_label\">Data\r\n\t\t<span class=\"frm_required\" aria-hidden=\"true\">*<\/span>\r\n\t<\/label>\r\n\t<input type=\"text\" id=\"field_9lkp1\" name=\"item_meta[2802]\" value=\"\"  maxlength=\"10\" data-reqmsg=\"Preenchimento obrigat\u00f3rio.\" aria-required=\"true\" data-invmsg=\"Data \u00e9 inv\u00e1lido\" class=\"frm_date\" aria-invalid=\"false\"  \/>\r\n\t\r\n\t\r\n<\/div>\n<div id=\"frm_field_2846_container\" class=\"frm_form_field form-field  frm_required_field frm_top_container frm6 frm_other_container\">\r\n\t<label for=\"field_pyc7w\" id=\"field_pyc7w_label\" class=\"frm_primary_label\">Tipo de a\u00e7\u00e3o\r\n\t\t<span class=\"frm_required\" aria-hidden=\"true\">*<\/span>\r\n\t<\/label>\r\n\t\t\t<select name=\"item_meta[2846]\" id=\"field_pyc7w\"  data-reqmsg=\"Preenchimento obrigat\u00f3rio.\" aria-required=\"true\" data-invmsg=\"Tipo de a\u00e7\u00e3o \u00e9 inv\u00e1lido\" aria-invalid=\"false\"  >\n\t\t<option  value=\"\" selected='selected'> <\/option><option  value=\"Obra\">Obra<\/option><option  value=\"Evento\">Evento<\/option><option  value=\"Campanha\">Campanha<\/option><option  value=\"Capacita\u00e7\u00e3o\">Capacita\u00e7\u00e3o<\/option><option  value=\"Atendimento \u00e0 popula\u00e7\u00e3o\">Atendimento \u00e0 popula\u00e7\u00e3o<\/option><option  value=\"Entrega de materiais\">Entrega de materiais<\/option><option  value=\"Compra de materiais\">Compra de materiais<\/option><option  value=\"Inaugura\u00e7\u00e3o\">Inaugura\u00e7\u00e3o<\/option><option  value=\"A\u00e7\u00e3o ambiental\">A\u00e7\u00e3o ambiental<\/option><option  value=\"Atividade esportiva\">Atividade esportiva<\/option><option  value=\"Atividade cultural\">Atividade cultural<\/option><option  value=\"Reuni\u00e3o\">Reuni\u00e3o<\/option><option  value=\"Outro\" class=\"frm_other_trigger\">Outro<\/option>\t<\/select>\n\t<label for=\"field_pyc7w-otext\" class=\"frm_screen_reader frm_hidden\">Tipo de a\u00e7\u00e3o<\/label><input type=\"text\" id=\"field_pyc7w-otext\" class=\"frm_other_input frm_pos_none\"  name=\"item_meta[other][2846]\" value=\"\" \/>\r\n\t\r\n\t\r\n<\/div>\n<div id=\"frm_field_2813_container\" class=\"frm_form_field form-field  frm_required_field frm_top_container\">\r\n\t<label for=\"field_u8kub\" id=\"field_u8kub_label\" class=\"frm_primary_label\">Respons\u00e1vel\r\n\t\t<span class=\"frm_required\" aria-hidden=\"true\">*<\/span>\r\n\t<\/label>\r\n\t<input  type=\"text\" id=\"field_u8kub\" name=\"item_meta[2813]\" value=\"\"  data-reqmsg=\"Preenchimento obrigat\u00f3rio.\" aria-required=\"true\" data-invmsg=\"Respons\u00e1vel \u00e9 inv\u00e1lido\" aria-invalid=\"false\"   aria-describedby=\"frm_desc_field_u8kub\" \/>\r\n\t<div class=\"frm_description\" id=\"frm_desc_field_u8kub\">Ex: PSF Centro, Escola Dona Bemvinda, Departamento de Esportes.<\/div>\r\n\t\r\n<\/div>\n<div id=\"frm_field_2817_container\" class=\"frm_form_field form-field  frm_required_field frm_top_container\">\r\n\t<label for=\"field_cwwf8\" id=\"field_cwwf8_label\" class=\"frm_primary_label\">O que aconteceu\r\n\t\t<span class=\"frm_required\" aria-hidden=\"true\">*<\/span>\r\n\t<\/label>\r\n\t<input  type=\"text\" id=\"field_cwwf8\" name=\"item_meta[2817]\" value=\"\"  data-reqmsg=\"Preenchimento obrigat\u00f3rio.\" aria-required=\"true\" data-invmsg=\"O que aconteceu \u00e9 inv\u00e1lido\" aria-invalid=\"false\"   aria-describedby=\"frm_desc_field_cwwf8\" \/>\r\n\t<div class=\"frm_description\" id=\"frm_desc_field_cwwf8\">Ex: Realizada a vacina\u00e7\u00e3o contra gripe. Entrega de novos uniformes. In\u00edcio das obras de cal\u00e7amento.<\/div>\r\n\t\r\n<\/div>\n<div id=\"frm_field_2805_container\" class=\"frm_form_field form-field  frm_required_field frm_top_container\">\r\n\t<label for=\"field_z88mu\" id=\"field_z88mu_label\" class=\"frm_primary_label\">Objetivo da a\u00e7\u00e3o\r\n\t\t<span class=\"frm_required\" aria-hidden=\"true\">*<\/span>\r\n\t<\/label>\r\n\t<input  type=\"text\" id=\"field_z88mu\" name=\"item_meta[2805]\" value=\"\"  data-reqmsg=\"Preenchimento obrigat\u00f3rio.\" aria-required=\"true\" data-invmsg=\"Objetivo da a\u00e7\u00e3o \u00e9 inv\u00e1lido\" aria-invalid=\"false\"   aria-describedby=\"frm_desc_field_z88mu\" \/>\r\n\t<div class=\"frm_description\" id=\"frm_desc_field_z88mu\">Ex: Melhorar o acesso \u00e0 escola. Prevenir doen\u00e7as. Capacitar equipe.<\/div>\r\n\t\r\n<\/div>\n<div id=\"frm_field_2803_container\" class=\"frm_form_field form-field  frm_required_field frm_top_container frm12 frm_first\">\r\n\t<label for=\"field_dmsux\" id=\"field_dmsux_label\" class=\"frm_primary_label\">Onde foi feita\r\n\t\t<span class=\"frm_required\" aria-hidden=\"true\">*<\/span>\r\n\t<\/label>\r\n\t<input  type=\"text\" id=\"field_dmsux\" name=\"item_meta[2803]\" value=\"\"  data-reqmsg=\"Preenchimento obrigat\u00f3rio.\" aria-required=\"true\" data-invmsg=\"Onde foi feita \u00e9 inv\u00e1lido\" aria-invalid=\"false\"   aria-describedby=\"frm_desc_field_dmsux\" \/>\r\n\t<div class=\"frm_description\" id=\"frm_desc_field_dmsux\">Ex: Bairro Centro. Zona Rural.<\/div>\r\n\t\r\n<\/div>\n<div id=\"frm_field_2806_container\" class=\"frm_form_field form-field  frm_required_field frm_top_container\">\r\n\t<label for=\"field_su7td\" id=\"field_su7td_label\" class=\"frm_primary_label\">Quem participou (e\/ou beneficiados)\r\n\t\t<span class=\"frm_required\" aria-hidden=\"true\">*<\/span>\r\n\t<\/label>\r\n\t<input  type=\"text\" id=\"field_su7td\" name=\"item_meta[2806]\" value=\"\"  data-reqmsg=\"Preenchimento obrigat\u00f3rio.\" aria-required=\"true\" data-invmsg=\"Quem participou (e\/ou beneficiados) \u00e9 inv\u00e1lido\" aria-invalid=\"false\"   aria-describedby=\"frm_desc_field_su7td\" \/>\r\n\t<div class=\"frm_description\" id=\"frm_desc_field_su7td\">Ex: 320 pessoas vacinadas. Servidores da secretaria participaram do curso.<\/div>\r\n\t\r\n<\/div>\n<div id=\"frm_field_2807_container\" class=\"frm_form_field form-field  frm_top_container\">\r\n\t<label for=\"field_49l85\" id=\"field_49l85_label\" class=\"frm_primary_label\">Foto principal\r\n\t\t<span class=\"frm_required\" aria-hidden=\"true\"><\/span>\r\n\t<\/label>\r\n\t<input type=\"hidden\"  data-invmsg=\"Foto principal \u00e9 inv\u00e1lido\" class=\"auto_width\" aria-invalid=\"false\"   name=\"item_meta[2807]\"  value=\"\" data-frmfile=\"2807\" \/>\n\n<div class=\"frm_dropzone frm_single_upload frm_clearfix\" id=\"file2807_dropzone\" role=\"group\" >\n\t<div class=\"fallback\">\n\t\t<input type=\"file\" name=\"file2807\" id=\"field_49l85\"\n\t\t\t data-invmsg=\"Foto principal \u00e9 inv\u00e1lido\" class=\"auto_width\" aria-invalid=\"false\"  \t\t\t\/>\n\t\t\t\t<div class=\"frm_clearfix \"><\/div>\n\t<\/div>\n\t<div class=\"dz-message needsclick\">\n\t\t\t\t<svg  viewBox=\"0 0 18 18\" class=\"frmsvg frm-svg-icon\">\n\t<path viewBox=\"0 0 18 18\" fill-rule=\"evenodd\" clip-rule=\"evenodd\" d=\"M8.2 4v8a.8.8 0 001.5 0V4l2.1 2.2A.7.7 0 1013 5L9.5 1.7a.7.7 0 00-1.1 0L5.1 5.2a.8.8 0 001 1l2.1-2zm7.6 4.3c.4 0 .7.3.7.7v6.8c0 .4-.3.7-.8.7H2.3a.8.8 0 01-.8-.8V9A.8.8 0 013 9v6h12V9c0-.4.3-.8.8-.8z\"><\/path>\n<\/svg>\t\t<span class=\"frm_upload_text\"><button type=\"button\" aria-label=\"Foto principal. Arraste o arquivo aqui ou clique para carregar. Tamanho m\u00e1ximo do arquivo: 20MB\">Arraste o arquivo aqui ou clique para carregar<\/button><\/span>\n\t\t<span class=\"frm_compact_text\"><button type=\"button\" aria-label=\"Foto principal. Escolher arquivo. Tamanho m\u00e1ximo do arquivo: 20MB\">Escolher arquivo<\/button><\/span>\n\t\t<div class=\"frm_small_text\">\n\t\t\t<p>Tamanho m\u00e1ximo do arquivo: 20MB<\/p>\n\t\t<\/div>\n\t<\/div>\n<\/div>\n\t\r\n\t\r\n\t\r\n<\/div>\n<input type=\"hidden\" name=\"frm_page_order_87\" id=\"frm_page_order_87\" value=\"19\" \/><input type=\"hidden\" name=\"item_meta[2811]\" id=\"field_cn499\" value=\"\"  autocomplete=\"email\"     \/>\n<input type=\"hidden\" name=\"item_meta[2810]\" id=\"field_cvvui\" value=\"\"     \/>\n<input type=\"hidden\" name=\"item_meta[2818]\" id=\"field_60vx6\" value=\"\"     \/>\n<input type=\"hidden\" name=\"item_meta[2812]\" id=\"field_jq6zv\" value=\"\"     \/>\n<input type=\"hidden\" name=\"item_meta[2836]\" id=\"field_66lvh\" value=\"Aguardando\"  data-frmval=\"Aguardando\"   \/>\n<input type=\"hidden\" name=\"item_meta[2901][1]\" id=\"field_eczz1-1\" value=\"Aguardando\"  data-frmval=\"{&quot;1&quot;:&quot;Aguardando&quot;}\"   \/>\n<input type=\"hidden\" name=\"item_meta[2876]\" id=\"field_s2t0z\" value=\"\"     \/>\n<input type=\"hidden\" name=\"item_meta[2900]\" id=\"field_euiff\" value=\"\"     \/>\n<input type=\"hidden\" name=\"item_meta[2850]\" id=\"field_jjtlc\" value=\"1\"  data-frmval=\"1\"   \/>\n<input type=\"hidden\" name=\"item_meta[2851]\" id=\"field_yovdw\" value=\"\"     \/>\n<input type=\"hidden\" name=\"item_meta[2852]\" id=\"field_t8nl3\" value=\"\"     \/>\n<input type=\"hidden\" name=\"item_meta[2799]\" id=\"field_enviar4\" value=\"\"     \/>\n<input type=\"hidden\" name=\"item_meta[2854]\" id=\"field_bjrkv\" value=\"\" data-frmval=\"\"\/>\n\t<input type=\"hidden\" name=\"item_key\" value=\"\" \/>\n\t\t\t<div id=\"frm_field_2925_container\">\n\t\t\t<label for=\"field_x9nhw\" >\n\t\t\t\tSe voc\u00ea \u00e9 humano, deixe este campo em branco.\t\t\t<\/label>\n\t\t\t<input  id=\"field_x9nhw\" type=\"text\" class=\"frm_form_field form-field frm_verify\" name=\"item_meta[2925]\" value=\"\"  \/>\n\t\t<\/div>\n\t\t<input name=\"frm_state\" type=\"hidden\" value=\"38JQaGzg9wkEhGvyXp0IQ5sF59QKBPSjD5ze7hzmLohsWPtnmbPqrLqLAt3Z3ctV\" \/><div class=\"frm_submit frm_flex\">\r\n<button class=\"frm_button_submit\" type=\"submit\"  >Pr\u00f3ximo<\/button>\r\n\r\n\r\n\r\n<\/div><\/div>\n<\/fieldset>\n<\/div>\n\n<\/form>\n<\/div>\n<\/div>\n\t\t\t\t<\/div>\n\t\t\t\t<\/div>\n\t\t\t\t<\/div>\n\t\t<div class=\"elementor-element elementor-element-2d69360b e-flex e-con-boxed e-con e-parent\" data-id=\"2d69360b\" data-element_type=\"container\">\n\t\t\t\t\t<div class=\"e-con-inner\">\n\t\t\t\t\t<\/div>\n\t\t\t\t<\/div>\n\t\t\t\t<\/div>\n\t\t","protected":false},"excerpt":{"rendered":"<p>ENVIAR NOT\u00cdCIA<\/p>\n","protected":false},"author":10,"featured_media":0,"parent":0,"menu_order":0,"comment_status":"closed","ping_status":"closed","template":"","meta":{"footnotes":""},"class_list":["post-53","page","type-page","status-publish","hentry"],"_links":{"self":[{"href":"https:\/\/news.daviarantes.com\/index.php?rest_route=\/wp\/v2\/pages\/53","targetHints":{"allow":["GET"]}}],"collection":[{"href":"https:\/\/news.daviarantes.com\/index.php?rest_route=\/wp\/v2\/pages"}],"about":[{"href":"https:\/\/news.daviarantes.com\/index.php?rest_route=\/wp\/v2\/types\/page"}],"author":[{"embeddable":true,"href":"https:\/\/news.daviarantes.com\/index.php?rest_route=\/wp\/v2\/users\/10"}],"replies":[{"embeddable":true,"href":"https:\/\/news.daviarantes.com\/index.php?rest_route=%2Fwp%2Fv2%2Fcomments&post=53"}],"version-history":[{"count":265,"href":"https:\/\/news.daviarantes.com\/index.php?rest_route=\/wp\/v2\/pages\/53\/revisions"}],"predecessor-version":[{"id":17212,"href":"https:\/\/news.daviarantes.com\/index.php?rest_route=\/wp\/v2\/pages\/53\/revisions\/17212"}],"wp:attachment":[{"href":"https:\/\/news.daviarantes.com\/index.php?rest_route=%2Fwp%2Fv2%2Fmedia&parent=53"}],"curies":[{"name":"wp","href":"https:\/\/api.w.org\/{rel}","templated":true}]}}