{"id":17760,"date":"2025-10-22T11:39:40","date_gmt":"2025-10-22T14:39:40","guid":{"rendered":"https:\/\/news.daviarantes.com\/?page_id=17760"},"modified":"2025-10-22T11:39:40","modified_gmt":"2025-10-22T14:39:40","slug":"enviar-comunicado","status":"publish","type":"page","link":"https:\/\/news.daviarantes.com\/?page_id=17760","title":{"rendered":"Enviar Comunicado"},"content":{"rendered":"<div class=\"frm_forms  with_frm_style frm_style_forms\" id=\"frm_form_95_container\" data-token=\"2e38d9cad214e29240ba5a31424db3ca\">\n<form enctype=\"multipart\/form-data\" method=\"post\" class=\"frm-show-form  frm_js_validate  frm_pro_form \" id=\"form_enviar-comunicado\" data-token=\"2e38d9cad214e29240ba5a31424db3ca\">\n<div class=\"frm_form_fields  frm_page_num_1\">\n<fieldset>\n<legend class=\"frm_screen_reader\">Enviar Comunicado<\/legend>\r\n\r\n<div class=\"frm_fields_container\">\n<div class=\"frm_rootline_group\" role=\"group\" tabindex=\"0\" aria-label=\"P\u00e1gina 1 de 2\" ><ul class=\"frm_page_bar frm_rootline_2 frm_progress frm_progress_line  frm_show_lines \"><li class=\"frm_rootline_single frm_current_page\"><input type=\"button\" value=\"1\" data-page=\"\" class=\" frm_page_1\" aria-disabled=\"true\" data-field=\"0\" aria-label=\"P\u00e1gina 1\"  \/><\/li><li class=\"frm_rootline_single\"><input type=\"button\" value=\"2\" data-page=\"39\" class=\"frm_page_skip frm_page_2\" data-field=\"2921\" aria-label=\"Proximo\"  \/><\/li><\/ul><div class=\"frm_percent_complete\">0% Completo<\/div><div class=\"frm_pages_complete\">1 de 2<\/div><div class=\"frm_clearfix\"><\/div><\/div><input type=\"hidden\" name=\"frm_action\" value=\"create\" \/>\n<input type=\"hidden\" name=\"form_id\" value=\"95\" \/>\n<input type=\"hidden\" name=\"frm_hide_fields_95\" id=\"frm_hide_fields_95\" value=\"\" \/>\n<input type=\"hidden\" name=\"form_key\" value=\"enviar-comunicado\" \/>\n<input type=\"hidden\" name=\"item_meta[0]\" value=\"\" \/>\n<input type=\"hidden\" id=\"frm_submit_entry_95\" name=\"frm_submit_entry_95\" value=\"c73b245f75\" \/><input type=\"hidden\" name=\"_wp_http_referer\" value=\"\/index.php?rest_route=%2Fwp%2Fv2%2Fpages%2F17760\" \/><div id=\"frm_field_2902_container\" class=\"frm_form_field form-field  frm_required_field frm_top_container\">\r\n\t<label for=\"field_wrcxs2\" id=\"field_wrcxs2_label\" class=\"frm_primary_label\">Secretaria\r\n\t\t<span class=\"frm_required\" aria-hidden=\"true\">*<\/span>\r\n\t<\/label>\r\n\t\t\t<select  name=\"item_meta[2902]\" id=\"field_wrcxs2\"  data-reqmsg=\"Preenchimento obrigat\u00f3rio.\" aria-required=\"true\" data-invmsg=\"Secretaria \u00e9 inv\u00e1lido\" aria-invalid=\"false\"  >\n\t\t\t\t\t\t\t<option  value=\"\" class=\"frm-select-placeholder\">\n\t\t\t\t\t \t\t\t\t<\/option>\n\t\t\t\t\t\t\t\t<option  value=\"Administra\u00e7\u00e3o e RH\">\n\t\t\t\t\tAdministra\u00e7\u00e3o e RH\t\t\t\t<\/option>\n\t\t\t\t\t\t\t\t<option  value=\"Assist\u00eancia Social e Trabalho\">\n\t\t\t\t\tAssist\u00eancia Social e Trabalho\t\t\t\t<\/option>\n\t\t\t\t\t\t\t\t<option  value=\"Cultura, Esportes e Turismo\">\n\t\t\t\t\tCultura, Esportes e Turismo\t\t\t\t<\/option>\n\t\t\t\t\t\t\t\t<option  value=\"Educa\u00e7\u00e3o\">\n\t\t\t\t\tEduca\u00e7\u00e3o\t\t\t\t<\/option>\n\t\t\t\t\t\t\t\t<option  value=\"Fazenda e Planejamento\">\n\t\t\t\t\tFazenda e Planejamento\t\t\t\t<\/option>\n\t\t\t\t\t\t\t\t<option  value=\"Gabinete do Prefeito\">\n\t\t\t\t\tGabinete do Prefeito\t\t\t\t<\/option>\n\t\t\t\t\t\t\t\t<option  value=\"Meio Ambiente\">\n\t\t\t\t\tMeio Ambiente\t\t\t\t<\/option>\n\t\t\t\t\t\t\t\t<option  value=\"Obras\">\n\t\t\t\t\tObras\t\t\t\t<\/option>\n\t\t\t\t\t\t\t\t<option  value=\"Sa\u00fade\">\n\t\t\t\t\tSa\u00fade\t\t\t\t<\/option>\n\t\t\t\t\t\t<\/select>\n\t\t\r\n\t\r\n\t\r\n<\/div>\n<div id=\"frm_field_2903_container\" class=\"frm_form_field form-field  frm_required_field frm_top_container frm6 frm_first\">\r\n\t<label for=\"field_9lkp12\" id=\"field_9lkp12_label\" class=\"frm_primary_label\">Data que ser\u00e1\r\n\t\t<span class=\"frm_required\" aria-hidden=\"true\">*<\/span>\r\n\t<\/label>\r\n\t<input type=\"text\" id=\"field_9lkp12\" name=\"item_meta[2903]\" value=\"\"  data-reqmsg=\"Preenchimento obrigat\u00f3rio.\" aria-required=\"true\" data-invmsg=\"Data que ser\u00e1 \u00e9 inv\u00e1lido\" class=\"frm_date\" aria-invalid=\"false\"  \/>\r\n\t\r\n\t\r\n<\/div>\n<div id=\"frm_field_2904_container\" class=\"frm_form_field form-field  frm_required_field frm_top_container frm6 frm_other_container\">\r\n\t<label for=\"field_pyc7w2\" id=\"field_pyc7w2_label\" class=\"frm_primary_label\">Tipo de a\u00e7\u00e3o\r\n\t\t<span class=\"frm_required\" aria-hidden=\"true\">*<\/span>\r\n\t<\/label>\r\n\t\t\t<select name=\"item_meta[2904]\" id=\"field_pyc7w2\"  data-reqmsg=\"Preenchimento obrigat\u00f3rio.\" aria-required=\"true\" data-invmsg=\"Tipo de a\u00e7\u00e3o \u00e9 inv\u00e1lido\" aria-invalid=\"false\"  >\n\t\t<option  value=\"\" selected='selected'> <\/option><option  value=\"Obra\">Obra<\/option><option  value=\"Evento\">Evento<\/option><option  value=\"Campanha\">Campanha<\/option><option  value=\"Capacita\u00e7\u00e3o\">Capacita\u00e7\u00e3o<\/option><option  value=\"Atendimento \u00e0 popula\u00e7\u00e3o\">Atendimento \u00e0 popula\u00e7\u00e3o<\/option><option  value=\"Entrega de materiais\">Entrega de materiais<\/option><option  value=\"Compra de materiais\">Compra de materiais<\/option><option  value=\"Inaugura\u00e7\u00e3o\">Inaugura\u00e7\u00e3o<\/option><option  value=\"A\u00e7\u00e3o ambiental\">A\u00e7\u00e3o ambiental<\/option><option  value=\"Atividade esportiva\">Atividade esportiva<\/option><option  value=\"Atividade cultural\">Atividade cultural<\/option><option  value=\"Reuni\u00e3o\">Reuni\u00e3o<\/option><option  value=\"Outro\" class=\"frm_other_trigger\">Outro<\/option>\t<\/select>\n\t<label for=\"field_pyc7w2-otext\" class=\"frm_screen_reader frm_hidden\">Tipo de a\u00e7\u00e3o<\/label><input type=\"text\" id=\"field_pyc7w2-otext\" class=\"frm_other_input frm_pos_none\"  name=\"item_meta[other][2904]\" value=\"\" \/>\r\n\t\r\n\t\r\n<\/div>\n<input type=\"hidden\" name=\"item_meta[2912]\" id=\"field_cn4992\" value=\"\"  autocomplete=\"email\"     \/>\n<div id=\"frm_field_2913_container\" class=\"frm_form_field form-field  frm_top_container\">\r\n\t<label for=\"field_cvvui2\" id=\"field_cvvui2_label\" class=\"frm_primary_label\">Texto do Comunicado\r\n\t\t<span class=\"frm_required\" aria-hidden=\"true\"><\/span>\r\n\t<\/label>\r\n\t<textarea data-auto-grow=\"1\"  name=\"item_meta[2913]\" id=\"field_cvvui2\" rows=\"3\"  data-invmsg=\"Texto do Comunicado \u00e9 inv\u00e1lido\" aria-invalid=\"false\"  ><\/textarea>\r\n\t\r\n\t\r\n<\/div>\n<div id=\"frm_field_2915_container\" class=\"frm_form_field form-field  frm_top_container\">\r\n\t<label for=\"field_jq6zv2\" id=\"field_jq6zv2_label\" class=\"frm_primary_label\">Imagens\r\n\t\t<span class=\"frm_required\" aria-hidden=\"true\"><\/span>\r\n\t<\/label>\r\n\t<input type=\"hidden\"  data-invmsg=\"Imagens \u00e9 inv\u00e1lido\" class=\"auto_width\" aria-invalid=\"false\"   name=\"item_meta[2915][]\"  value=\"\" data-frmfile=\"2915\" \/>\n\n<div class=\"frm_dropzone frm_multi_upload frm_clearfix\" id=\"file2915_dropzone\" role=\"group\" >\n\t<div class=\"fallback\">\n\t\t<input type=\"file\" name=\"file2915[]\" id=\"field_jq6zv2\"\n\t\t\t data-frmfile=\"2915\" multiple=\"multiple\"  data-invmsg=\"Imagens \u00e9 inv\u00e1lido\" class=\"auto_width\" aria-invalid=\"false\"  \t\t\t\/>\n\t\t\t\t<div class=\"frm_clearfix \"><\/div>\n\t<\/div>\n\t<div class=\"dz-message needsclick\">\n\t\t\t\t<svg  viewBox=\"0 0 18 18\" class=\"frmsvg frm-svg-icon\">\n\t<path viewBox=\"0 0 18 18\" fill-rule=\"evenodd\" clip-rule=\"evenodd\" d=\"M8.2 4v8a.8.8 0 001.5 0V4l2.1 2.2A.7.7 0 1013 5L9.5 1.7a.7.7 0 00-1.1 0L5.1 5.2a.8.8 0 001 1l2.1-2zm7.6 4.3c.4 0 .7.3.7.7v6.8c0 .4-.3.7-.8.7H2.3a.8.8 0 01-.8-.8V9A.8.8 0 013 9v6h12V9c0-.4.3-.8.8-.8z\"><\/path>\n<\/svg>\t\t<span class=\"frm_upload_text\"><button type=\"button\" aria-label=\"Imagens. Arraste o arquivo aqui ou clique para carregar. Tamanho m\u00e1ximo do arquivo: 20MB\">Arraste o arquivo aqui ou clique para carregar<\/button><\/span>\n\t\t<span class=\"frm_compact_text\"><button type=\"button\" aria-label=\"Imagens. Escolher arquivo. Tamanho m\u00e1ximo do arquivo: 20MB\">Escolher arquivo<\/button><\/span>\n\t\t<div class=\"frm_small_text\">\n\t\t\t<p>Tamanho m\u00e1ximo do arquivo: 20MB<\/p>\n\t\t<\/div>\n\t<\/div>\n<\/div>\n\t\r\n\t\r\n\t\r\n<\/div>\n<input type=\"hidden\" name=\"item_meta[2916]\" id=\"field_66lvh2\" value=\"Aguardando\"  data-frmval=\"Aguardando\"   \/>\n<input type=\"hidden\" name=\"item_meta[2917][1]\" id=\"field_eczz12-1\" value=\"Aguardando\"  data-frmval=\"{&quot;1&quot;:&quot;Aguardando&quot;}\"   \/>\n<input type=\"hidden\" name=\"item_meta[2918]\" id=\"field_s2t0z2\" value=\"\"     \/>\n<input type=\"hidden\" name=\"item_meta[2919]\" id=\"field_euiff2\" value=\"\"     \/>\n<input type=\"hidden\" name=\"item_meta[2920]\" id=\"field_jjtlc2\" value=\"1\"  data-frmval=\"1\"   \/>\n<input type=\"hidden\" name=\"frm_page_order_95\" id=\"frm_page_order_95\" value=\"39\" \/><input type=\"hidden\" name=\"item_meta[2922]\" id=\"field_t8nl32\" value=\"\"     \/>\n<input type=\"hidden\" name=\"item_meta[2923]\" id=\"field_enviar42\" value=\"\"     \/>\n<input type=\"hidden\" name=\"item_meta[2924]\" id=\"field_bjrkv2\" value=\"\" data-frmval=\"\"\/>\n\t<input type=\"hidden\" name=\"item_key\" value=\"\" \/>\n\t\t\t<div id=\"frm_field_2925_container\">\n\t\t\t<label for=\"field_tgi4b\" >\n\t\t\t\tSe voc\u00ea \u00e9 humano, deixe este campo em branco.\t\t\t<\/label>\n\t\t\t<input  id=\"field_tgi4b\" type=\"text\" class=\"frm_form_field form-field frm_verify\" name=\"item_meta[2925]\" value=\"\"  \/>\n\t\t<\/div>\n\t\t<input name=\"frm_state\" type=\"hidden\" value=\"38JQaGzg9wkEhGvyXp0IQ5+kB6l7ppjkT\/EFPWlunZ0PzvsonDhhoEZVwJmvybhQ\" \/><div class=\"frm_submit frm_flex\">\r\n<button class=\"frm_button_submit\" type=\"submit\"  >Proximo<\/button>\r\n\r\n\r\n\r\n<\/div><\/div>\n<\/fieldset>\n<\/div>\n\n<\/form>\n<\/div>\n\n\n\n\n<p><\/p>\n","protected":false},"excerpt":{"rendered":"","protected":false},"author":10,"featured_media":0,"parent":0,"menu_order":0,"comment_status":"closed","ping_status":"closed","template":"","meta":{"footnotes":""},"class_list":["post-17760","page","type-page","status-publish","hentry"],"_links":{"self":[{"href":"https:\/\/news.daviarantes.com\/index.php?rest_route=\/wp\/v2\/pages\/17760","targetHints":{"allow":["GET"]}}],"collection":[{"href":"https:\/\/news.daviarantes.com\/index.php?rest_route=\/wp\/v2\/pages"}],"about":[{"href":"https:\/\/news.daviarantes.com\/index.php?rest_route=\/wp\/v2\/types\/page"}],"author":[{"embeddable":true,"href":"https:\/\/news.daviarantes.com\/index.php?rest_route=\/wp\/v2\/users\/10"}],"replies":[{"embeddable":true,"href":"https:\/\/news.daviarantes.com\/index.php?rest_route=%2Fwp%2Fv2%2Fcomments&post=17760"}],"version-history":[{"count":1,"href":"https:\/\/news.daviarantes.com\/index.php?rest_route=\/wp\/v2\/pages\/17760\/revisions"}],"predecessor-version":[{"id":17761,"href":"https:\/\/news.daviarantes.com\/index.php?rest_route=\/wp\/v2\/pages\/17760\/revisions\/17761"}],"wp:attachment":[{"href":"https:\/\/news.daviarantes.com\/index.php?rest_route=%2Fwp%2Fv2%2Fmedia&parent=17760"}],"curies":[{"name":"wp","href":"https:\/\/api.w.org\/{rel}","templated":true}]}}